{"id":144,"date":"2023-02-09T12:38:11","date_gmt":"2023-02-09T11:38:11","guid":{"rendered":"https:\/\/imat.up.krakow.pl\/?page_id=144"},"modified":"2025-07-04T09:28:25","modified_gmt":"2025-07-04T07:28:25","slug":"informacje-dla-studentow","status":"publish","type":"page","link":"https:\/\/matematyka.uken.krakow.pl\/?page_id=144","title":{"rendered":"Informacje dla student\u00f3w"},"content":{"rendered":"<h3 class=\"widget-title icon-title\" style=\"font-size: 13pt;\">Przydatne informacje dla student\u00f3w &#8211; wskaz\u00f3wki gdzie uzyska\u0107 informacje dotycz\u0105ce procesu studiowania w IM<\/h3>\n<h5>Poziomy dost\u0119pno\u015bci informacji w sprawach procesu studiowania w IM<\/h5>\n<h5>POZIOM I.<\/h5>\n<p><b>Centrum Obs\u0142ugi Studenta (COS)<\/b><\/p>\n<ol>\n<li>1. Sprawy administracyjne <a href=\"https:\/\/cos.uken.krakow.pl\/\">COS<\/a> jest jednostk\u0105 UKEN, kt\u00f3ra odpowiada za obs\u0142ug\u0119 administracyjn\u0105 student\u00f3w i absolwent\u00f3w oraz prowadzenie dokumentacji zwi\u0105zanej z przebiegiem studi\u00f3w.<br \/>\nWszystkie podania, wnioski i pro\u015bby (kierowane do Dyrekcji Instytut\u00f3w) studenci sk\u0142adaj\u0105 w <a href=\"https:\/\/cos.uken.krakow.pl\/\">COS<\/a> do osoby odpowiadaj\u0105cej za obs\u0142ug\u0119 kierunku \u201eMatematyka\u201d.Dane kontaktowe:<br \/>\n<b>Agnieszka Michniak-Kolosek<\/b><br \/>\npok. 145<br \/>\ntelefon: 12 6626112<br \/>\ne-mail: agnieszka.michniak-kolosek@uken.krakow.pl<i>W przypadku korespondencji e-mail nale\u017cy umie\u015bci\u0107 w tytule kierunek (specjalno\u015b\u0107), rok studi\u00f3w, stopie\u0144 studi\u00f3w i form\u0119 studi\u00f3w. <\/i>Kontakt z <a href=\"https:\/\/cos.uken.krakow.pl\/\">COS<\/a> powinien by\u0107 kierowany ze studenckich adres\u00f3w e-mailowych (Wirtualna Uczelnia).<\/p>\n<p>Zaleca si\u0119, aby wszystkie bie\u017c\u0105ce sprawy za\u0142atwiane by\u0142y drog\u0105 elektroniczn\u0105 lub telefonicznie.<br \/>\nMo\u017cliwa jest osobista wizyta w budynku Uczelni (pok. 145) w godzinach 10.00 \u2013 13.00 &#8211; zalecany jest w\u00f3wczas wcze\u015bniejszy kontakt telefoniczny lub mailowy.<\/p>\n<p>W Centrum Obs\u0142ugi Studenta mo\u017cna m.in.:<\/p>\n<ul>\n<li>otrzyma\u0107 za\u015bwiadczenie o statusie studenta,<\/li>\n<li>zg\u0142osi\u0107 zmiany dotycz\u0105ce danych osobowych,<\/li>\n<li>z\u0142o\u017cy\u0107 wniosek o duplikat lub wymian\u0119 legitymacji studenckiej,<\/li>\n<li>otrzyma\u0107 wykaz \u015brednich ocen m.in. dla cel\u00f3w socjalnych,<\/li>\n<li>z\u0142o\u017cy\u0107 podanie o: przed\u0142u\u017cenie sesji, indywidualn\u0105 organizacj\u0119 studi\u00f3w (IOS), egzamin komisyjny, zmian\u0119 trybu studi\u00f3w, wpis warunkowy, powtarzanie semestru\/roku, zmian\u0119 promotora, urlop,<\/li>\n<li>uzyska\u0107 informacj\u0119 o decyzji podj\u0119tej przez Dyrektora Instytutu w przypadku z\u0142o\u017cenia podania,<\/li>\n<li>uzyska\u0107 informacje dotycz\u0105ce procedury post\u0119powania w sprawach zwi\u0105zanych z realizacj\u0105 wznowie\u0144 studi\u00f3w oraz przeniesie\u0144 z innych Uczelni,<\/li>\n<li>zarejestrowa\u0107 prac\u0119 dyplomow\u0105 (poprzez elektroniczny system \u201eDyplomowanie\u201d),<\/li>\n<li>odebra\u0107 dyplom i suplement.<\/li>\n<\/ul>\n<p>Wzory poda\u0144 znajduj\u0105 si\u0119 na stronie internetowej: <a href=\"https:\/\/cos.uken.krakow.pl\/wzory-drukow\/\">https:\/\/cos.uken.krakow.pl\/wzory-drukow\/.<\/a><\/p>\n<p>W przypadku rezygnacji ze studi\u00f3w student zobowi\u0105zany jest do z\u0142o\u017cenia rezygnacji w formie pisemnej do <a href=\"https:\/\/cos.uken.krakow.pl\/\">COS<\/a>.<\/p>\n<p>Zaleca si\u0119, aby Studenci studi\u00f3w niestacjonarnych, z\u0142o\u017cyli rezygnacj\u0119 w formie pisemnej,<br \/>\nprzed up\u0142ywem terminu p\u0142atno\u015bci raty. W\u00f3wczas naliczana jest op\u0142ata za studia proporcjonalnie do ilo\u015bci zrealizowanych zaj\u0119\u0107 do daty rezygnacji.<\/li>\n<li>2. \u015acie\u017cki post\u0119powania w sprawach organizacji studi\u00f3w:\n<ul>\n<li><a href=\"https:\/\/cos.uken.krakow.pl\/informacje-dla-studentow\/#pkt1\"> Przeniesienie z innej Uczelni<\/a><\/li>\n<li><a href=\"https:\/\/cos.uken.krakow.pl\/informacje-dla-studentow\/#pkt2\"> Przeniesienie na inny kierunek<\/a><\/li>\n<li><a href=\"https:\/\/cos.uken.krakow.pl\/informacje-dla-studentow\/#pkt3\"> Indywidualna organizacja studi\u00f3w<\/a><\/li>\n<li><a href=\"https:\/\/cos.uken.krakow.pl\/informacje-dla-studentow\/#pkt4\"> Wznowienie studi\u00f3w<\/a><\/li>\n<li><a href=\"https:\/\/cos.uken.krakow.pl\/informacje-dla-studentow\/#pkt5\"> Urlop <\/a><\/li>\n<li><a href=\"https:\/\/cos.uken.krakow.pl\/informacje-dla-studentow\/#pkt6\"> Wpis warunkowy <\/a><\/li>\n<li><a href=\"https:\/\/cos.uken.krakow.pl\/informacje-dla-studentow\/#pkt7\"> Powtarzanie semestru\/roku<\/a><\/li>\n<li><a href=\"https:\/\/cos.uken.krakow.pl\/informacje-dla-studentow\/#pkt8\"> Przed\u0142u\u017cenie sesji <\/a><\/li>\n<li><a href=\"https:\/\/cos.uken.krakow.pl\/informacje-dla-studentow\/#pkt9\"> Obrona pracy dyplomowej w trybie eksternistycznym (obrona dwuletnia p\u0142atna)<\/a><\/li>\n<\/ul>\n<\/li>\n<\/ol>\n<div class=\"oooo\"><\/div>\n<h5>Poziom II.<\/h5>\n<p><b>Instytut Matematyki (IM)<\/b><\/p>\n<ol>\n<li>1. Przydatne informacje.<br \/>\nNa stronie internetowej IM zamieszczone s\u0105 szczeg\u00f3\u0142y dotycz\u0105ce procesu studiowania na kierunku matematyka typu:<\/p>\n<ul>\n<li><a href=\"https:\/\/matematyka.uken.krakow.pl\/?page_id=259\">Harmonogramy zaj\u0119\u0107 dla bie\u017c\u0105cych rocznik\u00f3w<\/a><\/li>\n<li><a href=\"https:\/\/matematyka.uken.krakow.pl\/?page_id=259\">Informacje o opiekunach i starostach lat<\/a><\/li>\n<li><a href=\"https:\/\/matematyka.uken.krakow.pl\/?page_id=246\">Sk\u0142ad Instytutowej Rady Samorz\u0105du Student\u00f3w<\/a><\/li>\n<li><a href=\"https:\/\/matematyka.uken.krakow.pl\/?page_id=253\">Harmonogramy zaj\u0119\u0107 i konsultacji pracownik\u00f3w IM<\/a><\/li>\n<\/ul>\n<\/li>\n<li>2. \u015acie\u017cki za\u0142atwiania spraw:\n<ul>\n<li>Sprawy administracyjne wymagaj\u0105ce zgody Z-cy Dyrektora IM ds. Kszta\u0142cenia &#8211; indywidualne podania, wnioski<br \/>\nitp. dotycz\u0105ce przebiegu studi\u00f3w &#8211; nale\u017cy sk\u0142ada\u0107 w COS. O wszystkich zmianach nale\u017cy informowa\u0107 opiekuna roku.<\/li>\n<li>Student komunikuj\u0105c si\u0119 na poziomie Instytutu, zwraca si\u0119 w pierwszej kolejno\u015bci do <a href=\"https:\/\/matematyka.uken.krakow.pl\/?page_id=259\">Starosty Roku<\/a><br \/>\nlub przedstawiciela <a href=\"https:\/\/matematyka.uken.krakow.pl\/?page_id=246\">Instytutowej Rady Samorz\u0105du Student\u00f3w (IRSS)<\/a>.<br \/>\nKiedy nie uzyska odpowiedzi\/rozwi\u0105zania, kontaktuje si\u0119 z <a href=\"https:\/\/matematyka.uken.krakow.pl\/?page_id=259\">Opiekunem Roku<\/a>.<\/li>\n<li>W sytuacjach, gdy Student nie uzyska informacji<br \/>\nzwi\u0105zanych z procesem studiowania w\/w drogami, mo\u017cliwa jest komunikacja na poziomie IM przez instytutow\u0105 skrzynk\u0119 pocztow\u0105 Instytutu Matematyki (instmat@uken.krakow.pl), wy\u0142\u0105cznie z domeny \u201estudent.uken.krakow.pl\u201d.<\/li>\n<\/ul>\n<\/li>\n<\/ol>\n<div class=\"oooo\"><\/div>\n","protected":false},"excerpt":{"rendered":"<p>Przydatne informacje dla student\u00f3w &#8211; wskaz\u00f3wki gdzie uzyska\u0107 informacje dotycz\u0105ce procesu studiowania w IM Poziomy dost\u0119pno\u015bci informacji w sprawach procesu studiowania w IM POZIOM I. Centrum Obs\u0142ugi Studenta (COS) 1. Sprawy administracyjne COS jest jednostk\u0105 UKEN, kt\u00f3ra odpowiada za obs\u0142ug\u0119 administracyjn\u0105 student\u00f3w i absolwent\u00f3w oraz prowadzenie dokumentacji zwi\u0105zanej z przebiegiem studi\u00f3w. Wszystkie podania, wnioski i [&hellip;]<\/p>\n","protected":false},"author":2,"featured_media":0,"parent":0,"menu_order":0,"comment_status":"closed","ping_status":"closed","template":"wide-page.php","meta":{"footnotes":""},"class_list":["post-144","page","type-page","status-publish","hentry"],"_links":{"self":[{"href":"https:\/\/matematyka.uken.krakow.pl\/index.php?rest_route=\/wp\/v2\/pages\/144","targetHints":{"allow":["GET"]}}],"collection":[{"href":"https:\/\/matematyka.uken.krakow.pl\/index.php?rest_route=\/wp\/v2\/pages"}],"about":[{"href":"https:\/\/matematyka.uken.krakow.pl\/index.php?rest_route=\/wp\/v2\/types\/page"}],"author":[{"embeddable":true,"href":"https:\/\/matematyka.uken.krakow.pl\/index.php?rest_route=\/wp\/v2\/users\/2"}],"replies":[{"embeddable":true,"href":"https:\/\/matematyka.uken.krakow.pl\/index.php?rest_route=%2Fwp%2Fv2%2Fcomments&post=144"}],"version-history":[{"count":13,"href":"https:\/\/matematyka.uken.krakow.pl\/index.php?rest_route=\/wp\/v2\/pages\/144\/revisions"}],"predecessor-version":[{"id":734,"href":"https:\/\/matematyka.uken.krakow.pl\/index.php?rest_route=\/wp\/v2\/pages\/144\/revisions\/734"}],"wp:attachment":[{"href":"https:\/\/matematyka.uken.krakow.pl\/index.php?rest_route=%2Fwp%2Fv2%2Fmedia&parent=144"}],"curies":[{"name":"wp","href":"https:\/\/api.w.org\/{rel}","templated":true}]}}