{"id":246,"date":"2024-03-04T13:26:30","date_gmt":"2024-03-04T12:26:30","guid":{"rendered":"https:\/\/imat.up.krakow.pl\/?page_id=246"},"modified":"2026-02-16T06:54:00","modified_gmt":"2026-02-16T05:54:00","slug":"instytutowa-rada-samorzadu-studentow","status":"publish","type":"page","link":"https:\/\/matematyka.uken.krakow.pl\/?page_id=246","title":{"rendered":"Instytutowa Rada Samorz\u0105du Student\u00f3w"},"content":{"rendered":"<h3 class=\"widget-title icon-title\" style=\"font-size: 13pt;\">Sk\u0142ad Instytutowej Rady Samorz\u0105du Student\u00f3w<\/h3>\n<dl>\n<dt class=\"naglowek\" title=\"kliknij, aby rozwin\u0105\u0107\"><em>Przewodnicz\u0105ca:<\/em><br \/>\nSylwia Juraszczyk 3 rok I stopnia stacjonarne<br \/>\ns168889@student.uken.krakow.pl<\/dt>\n<dt class=\"naglowek\" title=\"kliknij, aby rozwin\u0105\u0107\"><i>Cz\u0142onkowie: <\/i><br \/>\nMagdalena Lebiest\u00a0 2 rok I stopnia stacjonarne<br \/>\ns174144@student.uken.krakow.pl<br \/>\nMiko\u0142aj Le Van 1 rok II stopnia stacjonarne<br \/>\nmikolaj.levan@student.up.krakow.pl<\/dt>\n<\/dl>\n<div><\/div>\n<div><\/div>\n<div><\/div>\n<div><\/div>\n<div><\/div>\n<div><\/div>\n<div><\/div>\n<div><\/div>\n<div><\/div>\n","protected":false},"excerpt":{"rendered":"<p>Sk\u0142ad Instytutowej Rady Samorz\u0105du Student\u00f3w Przewodnicz\u0105ca: Sylwia Juraszczyk 3 rok I stopnia stacjonarne s168889@student.uken.krakow.pl Cz\u0142onkowie: Magdalena Lebiest\u00a0 2 rok I stopnia stacjonarne s174144@student.uken.krakow.pl Miko\u0142aj Le Van 1 rok II stopnia stacjonarne mikolaj.levan@student.up.krakow.pl<\/p>\n","protected":false},"author":2,"featured_media":0,"parent":0,"menu_order":0,"comment_status":"closed","ping_status":"closed","template":"wide-page.php","meta":{"footnotes":""},"class_list":["post-246","page","type-page","status-publish","hentry"],"_links":{"self":[{"href":"https:\/\/matematyka.uken.krakow.pl\/index.php?rest_route=\/wp\/v2\/pages\/246","targetHints":{"allow":["GET"]}}],"collection":[{"href":"https:\/\/matematyka.uken.krakow.pl\/index.php?rest_route=\/wp\/v2\/pages"}],"about":[{"href":"https:\/\/matematyka.uken.krakow.pl\/index.php?rest_route=\/wp\/v2\/types\/page"}],"author":[{"embeddable":true,"href":"https:\/\/matematyka.uken.krakow.pl\/index.php?rest_route=\/wp\/v2\/users\/2"}],"replies":[{"embeddable":true,"href":"https:\/\/matematyka.uken.krakow.pl\/index.php?rest_route=%2Fwp%2Fv2%2Fcomments&post=246"}],"version-history":[{"count":15,"href":"https:\/\/matematyka.uken.krakow.pl\/index.php?rest_route=\/wp\/v2\/pages\/246\/revisions"}],"predecessor-version":[{"id":815,"href":"https:\/\/matematyka.uken.krakow.pl\/index.php?rest_route=\/wp\/v2\/pages\/246\/revisions\/815"}],"wp:attachment":[{"href":"https:\/\/matematyka.uken.krakow.pl\/index.php?rest_route=%2Fwp%2Fv2%2Fmedia&parent=246"}],"curies":[{"name":"wp","href":"https:\/\/api.w.org\/{rel}","templated":true}]}}