{"id":253,"date":"2024-03-04T13:33:07","date_gmt":"2024-03-04T12:33:07","guid":{"rendered":"https:\/\/imat.up.krakow.pl\/?page_id=253"},"modified":"2024-03-04T13:35:58","modified_gmt":"2024-03-04T12:35:58","slug":"harmonogramy-zajec-i-konsultacji-pracownikow-im-up","status":"publish","type":"page","link":"https:\/\/matematyka.uken.krakow.pl\/?page_id=253","title":{"rendered":"Harmonogramy zaj\u0119\u0107 i konsultacji pracownik\u00f3w IM UKEN"},"content":{"rendered":"","protected":false},"excerpt":{"rendered":"","protected":false},"author":2,"featured_media":0,"parent":0,"menu_order":0,"comment_status":"closed","ping_status":"closed","template":"harmzajprac.php","meta":{"footnotes":""},"class_list":["post-253","page","type-page","status-publish","hentry"],"_links":{"self":[{"href":"https:\/\/matematyka.uken.krakow.pl\/index.php?rest_route=\/wp\/v2\/pages\/253","targetHints":{"allow":["GET"]}}],"collection":[{"href":"https:\/\/matematyka.uken.krakow.pl\/index.php?rest_route=\/wp\/v2\/pages"}],"about":[{"href":"https:\/\/matematyka.uken.krakow.pl\/index.php?rest_route=\/wp\/v2\/types\/page"}],"author":[{"embeddable":true,"href":"https:\/\/matematyka.uken.krakow.pl\/index.php?rest_route=\/wp\/v2\/users\/2"}],"replies":[{"embeddable":true,"href":"https:\/\/matematyka.uken.krakow.pl\/index.php?rest_route=%2Fwp%2Fv2%2Fcomments&post=253"}],"version-history":[{"count":2,"href":"https:\/\/matematyka.uken.krakow.pl\/index.php?rest_route=\/wp\/v2\/pages\/253\/revisions"}],"predecessor-version":[{"id":255,"href":"https:\/\/matematyka.uken.krakow.pl\/index.php?rest_route=\/wp\/v2\/pages\/253\/revisions\/255"}],"wp:attachment":[{"href":"https:\/\/matematyka.uken.krakow.pl\/index.php?rest_route=%2Fwp%2Fv2%2Fmedia&parent=253"}],"curies":[{"name":"wp","href":"https:\/\/api.w.org\/{rel}","templated":true}]}}