{"id":270,"date":"2024-03-04T14:00:29","date_gmt":"2024-03-04T13:00:29","guid":{"rendered":"https:\/\/imat.up.krakow.pl\/?page_id=270"},"modified":"2025-07-04T08:41:23","modified_gmt":"2025-07-04T06:41:23","slug":"finansowanie-badan-naukowych","status":"publish","type":"page","link":"https:\/\/matematyka.uken.krakow.pl\/?page_id=270","title":{"rendered":"Finansowanie bada\u0144 naukowych"},"content":{"rendered":"<ul class=\"list\">\n<li class=\"left\"><a href=\"https:\/\/www.gov.pl\/web\/nauka\/biuletyn-informacji-publicznej-mnisw\"> Akty Prawne &#8211; nauka &#8211; BIP MNISW. <\/a><\/li>\n<li class=\"left\"><a href=\"https:\/\/www.ncn.gov.pl\/finansowanie-nauki\/konkursy\"> Finansowanie Nauki &#8211; strona NCN <\/a><\/li>\n<li class=\"left\"><a href=\"https:\/\/www.gov.pl\/web\/nauka\/finansowanie-nauki\"> Finansowanie Nauki &#8211; strona MNISW <\/a><\/li>\n<li class=\"left\"><a href=\"https:\/\/www.gov.pl\/web\/nauka\/programy-i-przedsiewziecia\"> Programy i przedsi\u0119wzi\u0119cia MNiSW <\/a><\/li>\n<li class=\"left\"><a href=\"https:\/\/www.ncbr.gov.pl\/\"> Strona NCBR Narodowego Centrum Bada\u0144 i Rozwoju <\/a><\/li>\n<li class=\"left\"><a href=\"https:\/\/prom.up.krakow.pl\"> PROGRAM PROM UP &#8211; Mi\u0119dzynarodowa wymiana stypendialna doktorant\u00f3w i kadry akademickiej <\/a><\/li>\n<li class=\"left\"><a href=\"https:\/\/nawa.gov.pl\/\"> Narodowa Agencja Wymiany Akademickie (NAWA)<\/a><\/li>\n<li class=\"left\"><a href=\"http:\/\/www.fnp.org.pl\"> Fundacja na Rzecz Nauki Polskiej<\/a><\/li>\n<li class=\"left\"><a href=\"http:\/\/www.pnfn.pl\/pl\/\"> Polsko \u2013 Niemiecka Fundacja na rzecz Rozwoju Nauki<\/a><\/li>\n<li class=\"left\"><a href=\"https:\/\/www.daad.pl\/pl\/\"> Stypendia DAAD dla Polak\u00f3w <\/a><\/li>\n<li class=\"left\"><a href=\"https:\/\/nauka.up.krakow.pl\/aktualnosci\/\"> Informacje o konkursach na stronie Biura Nauki UKEN\u00a0<\/a><\/li>\n<li class=\"left\"><a href=\"https:\/\/ec.europa.eu\/info\/funding-tenders\/opportunities\/portal\/screen\/home\"> Komisja Europejska Horyzont 2020<\/a><\/li>\n<li class=\"left\"><a href=\"https:\/\/europa.eu\/youreurope\/business\/finance-funding\/getting-funding\/eu-funding-programmes\/index_pl.htm\"> Programy wsparcia finansowego z UE <\/a><\/li>\n<li class=\"left\"><a href=\"https:\/\/matematyka.up.krakow.pl\/pliki\/informacjaFNP.pdf\"> Informacja o programach na stronie Fundacji na rzecz Nauki Polskiej<\/a><\/li>\n<li class=\"left\"><a href=\"https:\/\/www.gov.pl\/web\/nauka\/konstytucja-dla-nauki-2\">Finansowanie nauki i szkolnictwa wy\u017cszego\u2013 Konstytucja dla NAUKI<\/a><\/li>\n<\/ul>\n<div style=\"height: 200px;\"><\/div>\n","protected":false},"excerpt":{"rendered":"<p>Akty Prawne &#8211; nauka &#8211; BIP MNISW. Finansowanie Nauki &#8211; strona NCN Finansowanie Nauki &#8211; strona MNISW Programy i przedsi\u0119wzi\u0119cia MNiSW Strona NCBR Narodowego Centrum Bada\u0144 i Rozwoju PROGRAM PROM UP &#8211; Mi\u0119dzynarodowa wymiana stypendialna doktorant\u00f3w i kadry akademickiej Narodowa Agencja Wymiany Akademickie (NAWA) Fundacja na Rzecz Nauki Polskiej Polsko \u2013 Niemiecka Fundacja na rzecz [&hellip;]<\/p>\n","protected":false},"author":2,"featured_media":0,"parent":0,"menu_order":0,"comment_status":"closed","ping_status":"closed","template":"wide-page.php","meta":{"footnotes":""},"class_list":["post-270","page","type-page","status-publish","hentry"],"_links":{"self":[{"href":"https:\/\/matematyka.uken.krakow.pl\/index.php?rest_route=\/wp\/v2\/pages\/270","targetHints":{"allow":["GET"]}}],"collection":[{"href":"https:\/\/matematyka.uken.krakow.pl\/index.php?rest_route=\/wp\/v2\/pages"}],"about":[{"href":"https:\/\/matematyka.uken.krakow.pl\/index.php?rest_route=\/wp\/v2\/types\/page"}],"author":[{"embeddable":true,"href":"https:\/\/matematyka.uken.krakow.pl\/index.php?rest_route=\/wp\/v2\/users\/2"}],"replies":[{"embeddable":true,"href":"https:\/\/matematyka.uken.krakow.pl\/index.php?rest_route=%2Fwp%2Fv2%2Fcomments&post=270"}],"version-history":[{"count":4,"href":"https:\/\/matematyka.uken.krakow.pl\/index.php?rest_route=\/wp\/v2\/pages\/270\/revisions"}],"predecessor-version":[{"id":732,"href":"https:\/\/matematyka.uken.krakow.pl\/index.php?rest_route=\/wp\/v2\/pages\/270\/revisions\/732"}],"wp:attachment":[{"href":"https:\/\/matematyka.uken.krakow.pl\/index.php?rest_route=%2Fwp%2Fv2%2Fmedia&parent=270"}],"curies":[{"name":"wp","href":"https:\/\/api.w.org\/{rel}","templated":true}]}}