{"id":397,"date":"2024-03-06T08:17:24","date_gmt":"2024-03-06T07:17:24","guid":{"rendered":"https:\/\/imat.up.krakow.pl\/?page_id=397"},"modified":"2024-03-06T08:38:27","modified_gmt":"2024-03-06T07:38:27","slug":"projekty-dydaktyczne-dla-studentow-realizowane-w-im-uken","status":"publish","type":"page","link":"https:\/\/matematyka.uken.krakow.pl\/?page_id=397","title":{"rendered":"Projekty dydaktyczne dla student\u00f3w realizowane w IM UKEN"},"content":{"rendered":"<h3 class=\"widget-title icon-title\" style=\"font-size: 13pt;\">Projekty dydaktyczne dla student\u00f3w realizowane w IM UKEN<\/h3>\n<ol>\n<li style=\"list-style-type: none;\">\n<ol>\n<li><a href=\"?page_id=404\">&#8222;<b>Kompetentny nauczyciel &#8211; mistrz i wychowawca<\/b>&#8221; <\/a>&#8211; wsp\u00f3\u0142finansowany ze \u015brodk\u00f3w Unii Europejskiej w ramach \u015brodk\u00f3w Europejskiego Funduszu Spo\u0142ecznego<\/li>\n<li><a href=\"https:\/\/projekty.up.krakow.pl\/projekty-realizowane\/uczelnia-najwyzszej-jakosci-up-to-the-top\/\">&#8222;<b>Uczelnia najwy\u017cszej jako\u015bci \u2013 UP to the TOP<\/b>&#8222;<\/a> &#8211; wsp\u00f3\u0142finansowany ze \u015brodk\u00f3w Unii Europejskiej w ramach \u015brodk\u00f3w Europejskiego Funduszu Spo\u0142ecznego.<\/li>\n<li><a href=\"https:\/\/projekty.up.krakow.pl\/projekty-realizowane\/kompetencje-na-startup\/\">&#8222;<b>Kompetencje na Start UP<\/b>&#8221; <\/a> &#8211; wsp\u00f3\u0142finansowany ze \u015brodk\u00f3w Unii Europejskiej w ramach \u015brodk\u00f3w Europejskiego Funduszu Spo\u0142ecznego.<\/li>\n<\/ol>\n<p><img decoding=\"async\" class=\"aligncenter\" style=\"width: 100%;\" src=\"https:\/\/projekty.up.krakow.pl\/wp-content\/uploads\/sites\/7\/2018\/09\/logotypy_strona.jpg\" \/><\/li>\n<\/ol>\n","protected":false},"excerpt":{"rendered":"<p>Projekty dydaktyczne dla student\u00f3w realizowane w IM UKEN &#8222;Kompetentny nauczyciel &#8211; mistrz i wychowawca&#8221; &#8211; wsp\u00f3\u0142finansowany ze \u015brodk\u00f3w Unii Europejskiej w ramach \u015brodk\u00f3w Europejskiego Funduszu Spo\u0142ecznego &#8222;Uczelnia najwy\u017cszej jako\u015bci \u2013 UP to the TOP&#8222; &#8211; wsp\u00f3\u0142finansowany ze \u015brodk\u00f3w Unii Europejskiej w ramach \u015brodk\u00f3w Europejskiego Funduszu Spo\u0142ecznego. &#8222;Kompetencje na Start UP&#8221; &#8211; wsp\u00f3\u0142finansowany ze \u015brodk\u00f3w Unii [&hellip;]<\/p>\n","protected":false},"author":2,"featured_media":0,"parent":0,"menu_order":0,"comment_status":"closed","ping_status":"closed","template":"wide-page.php","meta":{"footnotes":""},"class_list":["post-397","page","type-page","status-publish","hentry"],"_links":{"self":[{"href":"https:\/\/matematyka.uken.krakow.pl\/index.php?rest_route=\/wp\/v2\/pages\/397","targetHints":{"allow":["GET"]}}],"collection":[{"href":"https:\/\/matematyka.uken.krakow.pl\/index.php?rest_route=\/wp\/v2\/pages"}],"about":[{"href":"https:\/\/matematyka.uken.krakow.pl\/index.php?rest_route=\/wp\/v2\/types\/page"}],"author":[{"embeddable":true,"href":"https:\/\/matematyka.uken.krakow.pl\/index.php?rest_route=\/wp\/v2\/users\/2"}],"replies":[{"embeddable":true,"href":"https:\/\/matematyka.uken.krakow.pl\/index.php?rest_route=%2Fwp%2Fv2%2Fcomments&post=397"}],"version-history":[{"count":6,"href":"https:\/\/matematyka.uken.krakow.pl\/index.php?rest_route=\/wp\/v2\/pages\/397\/revisions"}],"predecessor-version":[{"id":406,"href":"https:\/\/matematyka.uken.krakow.pl\/index.php?rest_route=\/wp\/v2\/pages\/397\/revisions\/406"}],"wp:attachment":[{"href":"https:\/\/matematyka.uken.krakow.pl\/index.php?rest_route=%2Fwp%2Fv2%2Fmedia&parent=397"}],"curies":[{"name":"wp","href":"https:\/\/api.w.org\/{rel}","templated":true}]}}