{"id":407,"date":"2024-03-06T08:46:33","date_gmt":"2024-03-06T07:46:33","guid":{"rendered":"https:\/\/imat.up.krakow.pl\/?page_id=407"},"modified":"2024-03-06T09:26:54","modified_gmt":"2024-03-06T08:26:54","slug":"tablica-ogloszen-dla-studentow-2","status":"publish","type":"page","link":"https:\/\/matematyka.uken.krakow.pl\/?page_id=407","title":{"rendered":"Tablica og\u0142osze\u0144 dla student\u00f3w"},"content":{"rendered":"","protected":false},"excerpt":{"rendered":"","protected":false},"author":2,"featured_media":0,"parent":0,"menu_order":0,"comment_status":"closed","ping_status":"closed","template":"tablicaoglstudent.php","meta":{"footnotes":""},"class_list":["post-407","page","type-page","status-publish","hentry"],"_links":{"self":[{"href":"https:\/\/matematyka.uken.krakow.pl\/index.php?rest_route=\/wp\/v2\/pages\/407","targetHints":{"allow":["GET"]}}],"collection":[{"href":"https:\/\/matematyka.uken.krakow.pl\/index.php?rest_route=\/wp\/v2\/pages"}],"about":[{"href":"https:\/\/matematyka.uken.krakow.pl\/index.php?rest_route=\/wp\/v2\/types\/page"}],"author":[{"embeddable":true,"href":"https:\/\/matematyka.uken.krakow.pl\/index.php?rest_route=\/wp\/v2\/users\/2"}],"replies":[{"embeddable":true,"href":"https:\/\/matematyka.uken.krakow.pl\/index.php?rest_route=%2Fwp%2Fv2%2Fcomments&post=407"}],"version-history":[{"count":1,"href":"https:\/\/matematyka.uken.krakow.pl\/index.php?rest_route=\/wp\/v2\/pages\/407\/revisions"}],"predecessor-version":[{"id":408,"href":"https:\/\/matematyka.uken.krakow.pl\/index.php?rest_route=\/wp\/v2\/pages\/407\/revisions\/408"}],"wp:attachment":[{"href":"https:\/\/matematyka.uken.krakow.pl\/index.php?rest_route=%2Fwp%2Fv2%2Fmedia&parent=407"}],"curies":[{"name":"wp","href":"https:\/\/api.w.org\/{rel}","templated":true}]}}