{"id":431,"date":"2024-03-06T11:08:45","date_gmt":"2024-03-06T10:08:45","guid":{"rendered":"https:\/\/imat.up.krakow.pl\/?page_id=431"},"modified":"2024-10-29T07:06:12","modified_gmt":"2024-10-29T06:06:12","slug":"inne-akty-prawne","status":"publish","type":"page","link":"https:\/\/matematyka.uken.krakow.pl\/?page_id=431","title":{"rendered":"Inne Akty Prawne"},"content":{"rendered":"<h3 class=\"widget-title icon-title\">Akty prawne<\/h3>\n<dl>\n<dt class=\"naglowek\"><a href=\"https:\/\/isap.sejm.gov.pl\/isap.nsf\/DocDetails.xsp?id=WDU20180001669\">Ustawa z dnia 3 lipca 2018 r. Przepisy wprowadzaj\u0105ce ustaw\u0119 \u2013 Prawo o szkolnictwie wy\u017cszym i nauce (najwa\u017cniejsze informacje)<\/a><\/dt>\n<\/dl>\n<dl id=\"menu0\">\n<dt class=\"naglowek\"><a href=\"http:\/\/isap.sejm.gov.pl\/isap.nsf\/DocDetails.xsp?id=WDU20180001668\">Ustawa z dnia 20 lipca 2018 r. &#8211; Prawo o szkolnictwie wy\u017cszym i nauce<\/a><\/dt>\n<dt class=\"naglowek\"><a href=\"https:\/\/isap.sejm.gov.pl\/isap.nsf\/DocDetails.xsp?id=wdu20110840455\">Ustawa z dnia 18 marca 2011 r. o zmianie ustawy Prawo o szkolnictwie wy\u017cszym, ustawy o stopniach naukowych i tytule naukowym oraz o stopniach i tytule w zakresie sztuki oraz o zmianie niekt\u00f3rych innych ustaw <\/a><\/dt>\n<dt class=\"naglowek\"><a href=\"http:\/\/isap.sejm.gov.pl\/isap.nsf\/DocDetails.xsp?id=WDU20170001556\"> Ustawa z dnia 30 kwietnia 2010 o zasadach finansowania nauki<\/a><\/dt>\n<dt class=\"naglowek\"><a href=\"https:\/\/isap.sejm.gov.pl\/isap.nsf\/DocDetails.xsp?id=WDU20180001861\"> Ustawa z dnia 27 wrze\u015bnia 2018 w sprawie studi\u00f3w<\/a><\/dt>\n<dt class=\"naglowek\">Standardy nauczania<\/dt>\n<dd class=\"blok\">\n<ul class=\"list\">\n<li class=\"left\"><a href=\"http:\/\/isap.sejm.gov.pl\/DetailsServlet?id=WDU20071641166\">Rozporz\u0105dzenie Ministra Nauki i Szkolnictwa Wy\u017cszego z dnia 12 lipca 2007 r.w sprawie standard\u00f3w kszta\u0142cenia dla poszczeg\u00f3lnych kierunk\u00f3w oraz poziom\u00f3w kszta\u0142cenia, a tak\u017ce trybu tworzenia i warunk\u00f3w, jakie musi spe\u0142nia\u0107 uczelnia, by prowadzi\u0107 studia mi\u0119dzykierunkowe oraz makrokierunki<\/a><\/li>\n<li class=\"left\"><a href=\"http:\/\/www.bip.nauka.gov.pl\/g2\/oryginal\/2013_05\/124ec0cb8d4cffc324827e40b976da87.pdf\"> Za\u0142\u0105cznik nr 64.Standardy kszta\u0142cenia dla kierunku studi\u00f3w: Matematyka<\/a><\/li>\n<li class=\"left\"><a href=\"http:\/\/isap.sejm.gov.pl\/isap.nsf\/DocDetails.xsp?id=WDU20190001450\">Standardy kszta\u0142cenia nauczycieli <\/a><\/li>\n<\/ul>\n<\/dd>\n<\/dl>\n<div style=\"height: 200px;\"><\/div>\n","protected":false},"excerpt":{"rendered":"<p>Akty prawne Ustawa z dnia 3 lipca 2018 r. Przepisy wprowadzaj\u0105ce ustaw\u0119 \u2013 Prawo o szkolnictwie wy\u017cszym i nauce (najwa\u017cniejsze informacje) Ustawa z dnia 20 lipca 2018 r. &#8211; Prawo o szkolnictwie wy\u017cszym i nauce Ustawa z dnia 18 marca 2011 r. o zmianie ustawy Prawo o szkolnictwie wy\u017cszym, ustawy o stopniach naukowych i tytule [&hellip;]<\/p>\n","protected":false},"author":2,"featured_media":0,"parent":0,"menu_order":0,"comment_status":"closed","ping_status":"closed","template":"wide-page.php","meta":{"footnotes":""},"class_list":["post-431","page","type-page","status-publish","hentry"],"_links":{"self":[{"href":"https:\/\/matematyka.uken.krakow.pl\/index.php?rest_route=\/wp\/v2\/pages\/431","targetHints":{"allow":["GET"]}}],"collection":[{"href":"https:\/\/matematyka.uken.krakow.pl\/index.php?rest_route=\/wp\/v2\/pages"}],"about":[{"href":"https:\/\/matematyka.uken.krakow.pl\/index.php?rest_route=\/wp\/v2\/types\/page"}],"author":[{"embeddable":true,"href":"https:\/\/matematyka.uken.krakow.pl\/index.php?rest_route=\/wp\/v2\/users\/2"}],"replies":[{"embeddable":true,"href":"https:\/\/matematyka.uken.krakow.pl\/index.php?rest_route=%2Fwp%2Fv2%2Fcomments&post=431"}],"version-history":[{"count":9,"href":"https:\/\/matematyka.uken.krakow.pl\/index.php?rest_route=\/wp\/v2\/pages\/431\/revisions"}],"predecessor-version":[{"id":653,"href":"https:\/\/matematyka.uken.krakow.pl\/index.php?rest_route=\/wp\/v2\/pages\/431\/revisions\/653"}],"wp:attachment":[{"href":"https:\/\/matematyka.uken.krakow.pl\/index.php?rest_route=%2Fwp%2Fv2%2Fmedia&parent=431"}],"curies":[{"name":"wp","href":"https:\/\/api.w.org\/{rel}","templated":true}]}}