{"id":475,"date":"2024-03-12T07:14:07","date_gmt":"2024-03-12T06:14:07","guid":{"rendered":"https:\/\/matematyka.uken.krakow.pl\/?page_id=475"},"modified":"2024-03-12T07:20:36","modified_gmt":"2024-03-12T06:20:36","slug":"contact","status":"publish","type":"page","link":"https:\/\/matematyka.uken.krakow.pl\/?page_id=475&lang=en","title":{"rendered":"Contact"},"content":{"rendered":"<table style=\"width: 100%;\">\n<tbody>\n<tr>\n<td class=\"left\" style=\"width: 30%;\">Postal address:<\/td>\n<td>Instytut Matematyki<br \/>\nUniwersytet Komisji Edukacji Narodowej w Krakowie<br \/>\nul. Podchor\u0105\u017cych 2<br \/>\nPL-30-084 KRAK\u00d3W<\/td>\n<\/tr>\n<tr>\n<td class=\"left\">Phone.:<\/td>\n<td>+48126626273 &#8211; Office, Director IM UKEN<br \/>\n+48126626272 &#8211; Deputy Director<\/td>\n<\/tr>\n<tr>\n<td class=\"left\">Fax:<\/td>\n<td>+48126372243<\/td>\n<\/tr>\n<tr>\n<td class=\"left\">E-mail:<\/td>\n<td><a href=\"mailto:instmat@up.krakow.pl\">instmat@uken.krakow.pl<\/a><\/td>\n<\/tr>\n<tr>\n<td class=\"left\">WWW:<\/td>\n<td><a href=\"http:\/\/matematyka.up.krakow.pl\">http:\/\/matematyka.uken.krakow.pl<\/a><\/td>\n<\/tr>\n<tr>\n<td class=\"left\"><img loading=\"lazy\" decoding=\"async\" class=\"\" src=\"https:\/\/matematyka.uken.krakow.pl\/obrazki\/fece.jpg\" width=\"45\" height=\"46\" \/><\/td>\n<td><a href=\"https:\/\/www.facebook.com\/InstMatUP\/\">https:\/\/www.facebook.com\/InstMatUKEN\/<\/a><\/td>\n<\/tr>\n<\/tbody>\n<\/table>\n<p>&nbsp;<\/p>\n<p>Office<\/p>\n<table style=\"width: 100%;\">\n<tbody>\n<tr>\n<td class=\"left\" style=\"width: 30%;\">room:<\/td>\n<td>213a<\/td>\n<\/tr>\n<tr>\n<td class=\"left\">Openning hours:<\/td>\n<td>poniedzia\u0142ek &#8211; pi\u0105tek, 8:00 &#8211; 16:00<\/td>\n<\/tr>\n<tr>\n<td class=\"left\">Phone.:<\/td>\n<td>+48126626273<\/td>\n<\/tr>\n<\/tbody>\n<\/table>\n<p><\/p>\n","protected":false},"excerpt":{"rendered":"<p>Postal address: Instytut Matematyki Uniwersytet Komisji Edukacji Narodowej w Krakowie ul. Podchor\u0105\u017cych 2 PL-30-084 KRAK\u00d3W Phone.: +48126626273 &#8211; Office, Director IM UKEN +48126626272 &#8211; Deputy Director Fax: +48126372243 E-mail: instmat@uken.krakow.pl WWW: http:\/\/matematyka.uken.krakow.pl https:\/\/www.facebook.com\/InstMatUKEN\/ &nbsp; Office room: 213a Openning hours: poniedzia\u0142ek &#8211; pi\u0105tek, 8:00 &#8211; 16:00 Phone.: +48126626273<\/p>\n","protected":false},"author":2,"featured_media":0,"parent":0,"menu_order":0,"comment_status":"closed","ping_status":"closed","template":"wide-page.php","meta":{"footnotes":""},"class_list":["post-475","page","type-page","status-publish","hentry"],"_links":{"self":[{"href":"https:\/\/matematyka.uken.krakow.pl\/index.php?rest_route=\/wp\/v2\/pages\/475","targetHints":{"allow":["GET"]}}],"collection":[{"href":"https:\/\/matematyka.uken.krakow.pl\/index.php?rest_route=\/wp\/v2\/pages"}],"about":[{"href":"https:\/\/matematyka.uken.krakow.pl\/index.php?rest_route=\/wp\/v2\/types\/page"}],"author":[{"embeddable":true,"href":"https:\/\/matematyka.uken.krakow.pl\/index.php?rest_route=\/wp\/v2\/users\/2"}],"replies":[{"embeddable":true,"href":"https:\/\/matematyka.uken.krakow.pl\/index.php?rest_route=%2Fwp%2Fv2%2Fcomments&post=475"}],"version-history":[{"count":4,"href":"https:\/\/matematyka.uken.krakow.pl\/index.php?rest_route=\/wp\/v2\/pages\/475\/revisions"}],"predecessor-version":[{"id":479,"href":"https:\/\/matematyka.uken.krakow.pl\/index.php?rest_route=\/wp\/v2\/pages\/475\/revisions\/479"}],"wp:attachment":[{"href":"https:\/\/matematyka.uken.krakow.pl\/index.php?rest_route=%2Fwp%2Fv2%2Fmedia&parent=475"}],"curies":[{"name":"wp","href":"https:\/\/api.w.org\/{rel}","templated":true}]}}