{"id":98,"date":"2023-02-09T07:48:00","date_gmt":"2023-02-09T06:48:00","guid":{"rendered":"https:\/\/imat.up.krakow.pl\/?page_id=98"},"modified":"2025-05-27T12:42:22","modified_gmt":"2025-05-27T10:42:22","slug":"granty","status":"publish","type":"page","link":"https:\/\/matematyka.uken.krakow.pl\/?page_id=98","title":{"rendered":"Granty i projekty realizowane w IM"},"content":{"rendered":"<h3 class=\"widget-title icon-title\" style=\"font-size: 13pt;\">Granty naukowe i projekty w IM UKEN<\/h3>\n<h6>Granty realizowane<\/h6>\n<p>Granty NCN<\/p>\n<ol>\n<li><strong>\u201eNieoczekiwane powierzchnie typu (<i>d+k,d<\/i>) w przestrzeni rzutowej P<sup>N<\/sup>\u201d<\/strong> &#8211; SONATA UMO- 2023\/51\/D\/ST1\/00118 (2024-2026)<strong><br \/>\n<\/strong><\/li>\n<li><strong><b>\u201e<\/b>m-syzygijne krzywe p\u0142askie<\/strong><b>\u201d<\/b> &#8211; SONATA BIS UMO-2023\/50\/E\/ST1\/00025 (2024-2028)<\/li>\n<li><b>\u201eInterpretuj\u0105c Euklidesa\u201d<\/b> &#8211; PRELUDIUM 2020\/37\/N\/HS1\/01989 (2021-2025),<\/li>\n<\/ol>\n<p>Granty MN (MNiSW, MEiN)<\/p>\n<ol>\n<li><b><a>\u201eFilmowe historie STEM\u201d\u2013<\/a><\/b> <a>Spo\u0142eczna Odpowiedzialno\u015b\u0107 Nauki<\/a> &#8211; POPUL\/SP\/0231\/2023\/01\u00a0 (2023-2025) &#8211; wsp\u00f3lnie z Instytutem Historii i Archiwistyki,<\/li>\n<li><b><a>\u201eEuklides, Elementy. T\u0142umaczenie z j\u0119zyka greckiego i komentarz\u201d<\/a><\/b><a> \u2013<\/a><b> <\/b>Narodowy Program Rozwoju Humanistyki\u00a0 (2023-2028).<\/li>\n<\/ol>\n<p>Projekty mi\u0119dzynarodowe<\/p>\n<ol>\n<li><b>\u201e<a href=\"https:\/\/data-ready.eu\/\">Empowering Education through Data Literacy Integration in Compulsory Education\u201d<\/a> (DATA-READY)<\/b> &#8211; ERASMUS+ European Policy Experimentation &#8211; Digital Education (2025-2028),<\/li>\n<li><b>\u201e<a href=\"https:\/\/steame-academy.eu\/\">Steame Teacher Facilitators Academy &#8211; Partnership for Excellence<\/a><\/b><b>\u201d<\/b> <strong>(STEAME ACADEMY)<\/strong> \u2013 Erasmus+ Teacher Academies (2023-2026),<\/li>\n<li><b><a href=\"https:\/\/siemdig.uken.krakow.pl\/\">\u201eSocial Inclusion And Emotional Maturity Of The Society&#8217;s Youngest Participants Helped By Digitally Competent Teachers\u201d<\/a> (SIEMDIG) <\/b>&#8211; ERASMUS+ KA2 (2023-2025),<\/li>\n<li><b>\u201e<a href=\"https:\/\/empe.up.krakow.pl\/\">EMBODYING Math &amp; Physics Education<\/a>\u201d<\/b> ERASMUS+ KA2 (2023-2025) \u2013 wsp\u00f3lnie z Instytutem Techniki,<\/li>\n<\/ol>\n<h6>Granty zako\u0144czone<\/h6>\n<p>Granty NCN<\/p>\n<ol>\n<li><b>\u201eDodatnio\u015b\u0107 wi\u0105zek liniowych na powierzchniach algebraicznych\u201d<\/b> &#8211; SONATINA 2018\/28\/C\/ST1\/00339 (2018-2024).<\/li>\n<li><b>\u201eNiesko\u0144czono\u015b\u0107 i niesko\u0144czenie ma\u0142e\u201d<\/b> &#8211; OPUS 2018\/31\/B\/HS1\/03896 (2019-2024),<\/li>\n<li><b>\u201eBernard Bolzano i nauki kognitywne\u201d<\/b> &#8211; PRELUDIUM 2019\/33\/N\/HS1\/02045 (2019-2024),<\/li>\n<li><b>\u201eArytmetyczne i geometryczne podej\u015bcie do asymptotycznych niezmiennik\u00f3w w algebrze i geometrii algebraicznej\u201d<\/b> &#8211; OPUS 2019\/35\/B\/ST1\/00723 (2020-2024),<\/li>\n<li><b>\u201eWok\u00f3\u0142 hipotezy Karlssona-Nussbauma\u201d<\/b> &#8211; PRELUDIUM UMO-2021\/41\/N\/ST1\/02968 (2022-2024),<\/li>\n<li><b>\u201eDiagnoza kompetencji merytorycznych i dydaktycznych nauczycieli podejmuj\u0105cych studia podyplomowe kwalifikuj\u0105ce do nauczania matematyki jako kolejnego przedmiotu\u201d<\/b> &#8211; PRELUDIUM 2018\/31\/N\/HS6\/03976 (2019 &#8211; 2023),<\/li>\n<li><b>\u201eRozmaito\u015bci i idea\u0142y jednorodne z symetriami\u201d<\/b> &#8211; HARMONIA 2018\/30\/M\/ST1\/00148 (2019-2022),<\/li>\n<li><b>\u201eKrzywe osobliwe na powierzchniach algebraicznych\u201d<\/b> &#8211; SONATA 2018\/31\/D\/ST1\/00177 (2019-2023),<\/li>\n<li><b>\u201eSta\u0142e projekcji<\/b><b>\u201d<\/b> &#8211; MINIATURA DEC-2021\/05\/X\/ST1\/01212 (2021-2022),<\/li>\n<li><b>\u201eR\u00f3wnania Fredholma i Daugaveta w geometrii przestrzeni Banacha\u201d<\/b> &#8211; MINIATURA-2, 2018\/02\/X\/ST1\/00313 (2019-2020)<\/li>\n<li><b>\u201eArytmetyka i geometria przestrzeni parametr\u00f3w dla pewnych konfiguracji prostych\u201d<\/b> &#8211; PRELUDIUM 2016\/23\/N\/ST1\/01363 (2017-2020),<\/li>\n<li><b>\u201eAsymptotyczne niezmienniki multiplikatywnej rodziny idea\u0142\u00f3w jednorodnych\u201d<\/b> &#8211; PRELUDIUM 2016\/21\/N\/ST1\/01491 (2017-2019),<\/li>\n<li><b>\u201eAlgebraiczne i geometryczne w\u0142asno\u015bci konfiguracji typu Fermata\u201d<\/b> &#8211; MINIATURA 2018\/02\/X\/ST1\/00519 (2018-2019),<\/li>\n<li><b>\u201eKonfiguracje podrozmaito\u015bci<\/b><b>\u201d<\/b> &#8211; OPUS 2014\/15\/B\/ST1\/02197 (2015-2018),<\/li>\n<li><b>\u201eGeometryczne i analityczne w\u0142asno\u015bci bry\u0142 Okounkova\u201d <\/b> &#8211; PRELUDIUM 2014\/15\/N\/ST1\/02102 (2015-2017).<\/li>\n<\/ol>\n<p>Projekty mi\u0119dzynarodowe<\/p>\n<ol>\n<li><b>\u201e<a href=\"https:\/\/transition2primary.eu\/\">Transition to Primary School\u201d<\/a> (UPSTAIRS)<\/b> &#8211; ERASMUS+ KA2 (2022-2024),<\/li>\n<li><b><a href=\"https:\/\/proper.up.krakow.pl\/\">\u201eProbability around us &#8211; Probability for everyone<\/a>\u201d<\/b> <strong>(PROPER)<\/strong>&#8211; ERASMUS+ KA2 (2023-2024),<\/li>\n<li><b>\u201e<a href=\"https:\/\/revealing-project.eu\/\">Realisation of virtual Reality learning environments for higher education<\/a>\u201d<\/b> <strong>(REVEALING) <\/strong>&#8211; ERASMUS+ KA2 (2022-2024),<\/li>\n<li><b>\u201e<a href=\"https:\/\/byod-learning.eu\/\">Learning at Any Time, at Any Place via any Device<\/a>\u201d<\/b> <strong>(BYOD)<\/strong>&#8211; ERASMUS+ KA2 (2022-2023),<\/li>\n<li><b>\u201e<a href=\"https:\/\/steame-hybrid.eu\/\">STEAME GOES HYBRID: Blueprint Guidelines and Policy Recommendations\u201d<\/a><\/b> &#8211; ERASMUS+ KA2 (2021-2023),<b><\/b><\/li>\n<li><b><a href=\"https:\/\/onlife.up.krakow.pl\">&#8222;Empower hybrid Competences for Onlife Adaptable Teaching in School Education intimes of pandemic<\/a>\u201d<\/b> <strong>(ONLIFE)<\/strong> (UP jako koordynator) &#8211; ERASMUS+ KA2 (2021-2023),<\/li>\n<li><b>\u201e<a>STEAME Schools Students <\/a><\/b> &#8211; ERASMUS+ KA2 (2022-2023),<\/li>\n<li><b>\u201e<a href=\"https:\/\/amma.up.krakow.pl\/\">Algebraic Approach Towards Shaping &#8222;Minus&#8221; in School Mathematics <\/a>\u201d (AMMA) <\/b>&#8211; ERASMUS+ KA2 (2022-2023),<\/li>\n<li><b>\u201e<a href=\"http:\/\/funthink.eu\/\">Enhancing functional thinking from primary to upper secondary school<\/a>\u201d<a href=\"http:\/\/funthink.eu\/\"> (FunThink) <\/a><\/b> &#8211; ERASMUS+ KA2 (2020-2023),<\/li>\n<li><b>\u201e<a href=\"https:\/\/innomath.eu\/\">Innovative enriching education processes for Mathematically Gifted Students in Europe <\/a>\u201d\u00a0 (INNOMATH) <\/b>&#8211; ERASMUS+ KA2 (2019-2022),<\/li>\n<li><b>\u201e<a href=\"https:\/\/steame.eu\/\">Guidelines for Developing and Implementing STEAME Schools<\/a>\u201d (STEAME)<\/b>\u00a0 &#8211; ERASMUS+ KA2 (2019-2021),<\/li>\n<li><b> \u201eTrends in Mathematics Education Research&#8221; (TiMER)<\/b> &#8211; Initiatives for supporting Emerging Communities for Mathematics Education Research in Eastern Europe (2019-2022),<\/li>\n<\/ol>\n<p>Granty NAWA<\/p>\n<ol>\n<li><b><a href=\"https:\/\/lefschetz.up.krakow.pl\/\"> &#8222;Lefschetz Properties in Algebra, Geometry, Topology and Combinatorics<\/a><\/b><b>\u201d<\/b> &#8211; Welcome to Poland &#8211; PPI\/WTP\/2022\/1\/00063\u00a0 (2023-2024).<\/li>\n<\/ol>\n<p>Granty MN (MNiSW, MEiN)<\/p>\n<ol>\n<li><b>\u201eMEGA 2022<\/b><b>\u201d<\/b> &#8211; Doskona\u0142a Nauka DNK\/SP\/514100\/2021,<\/li>\n<li><b>\u201eKonfiguracje i rodziny krzywych p\u0142askich\u201d<\/b> &#8211; Najlepsi z Najlepszych 3.0.<\/li>\n<\/ol>\n<p>Granty NCBiR<\/p>\n<ol>\n<li><b>\u201e<a href=\"https:\/\/projekty.up.krakow.pl\/projekty-realizowane\/kompetentny-nauczyciel-mistrz-i-wychowawca\/\">Kompetentny nauczyciel \u2013 mistrz i wychowawca<\/a>\u201d<\/b> (na kierunku Matematyka) &#8211; POWR.03.01.00-00-KN22\/18-00 (2018-2023),<\/li>\n<li><b>\u201eUczelnia najwy\u017cszej jako\u015bci &#8211; UP to the TOP\u201d<\/b> (na kierunku Matematyka) &#8211; POWR.03.05.00-IP.08-00-PZ2\/17 (2018-2022),<\/li>\n<li><b>\u201eEksploratorium Tw\u00f3rczej Matematyki\u201d<\/b> &#8211; POWR.03.01.00-IP.08-00-UMO\/17 (2018-2020),<\/li>\n<li><b>\u201eLaboratorium Tw\u00f3rczej Matematyki\u201d<\/b> &#8211; POWR.03.01.00-00-C008\/16 (2017-2019),<\/li>\n<li><b>\u201eKompetencje na Start UP\u201d<\/b> (na kierunku Matematyka) &#8211; POWR.03.01.00-00-K042\/15 (2017-2020).<\/li>\n<\/ol>\n","protected":false},"excerpt":{"rendered":"<p>Granty naukowe i projekty w IM UKEN Granty realizowane Granty NCN \u201eNieoczekiwane powierzchnie typu (d+k,d) w przestrzeni rzutowej PN\u201d &#8211; SONATA UMO- 2023\/51\/D\/ST1\/00118 (2024-2026) \u201em-syzygijne krzywe p\u0142askie\u201d &#8211; SONATA BIS UMO-2023\/50\/E\/ST1\/00025 (2024-2028) \u201eInterpretuj\u0105c Euklidesa\u201d &#8211; PRELUDIUM 2020\/37\/N\/HS1\/01989 (2021-2025), Granty MN (MNiSW, MEiN) \u201eFilmowe historie STEM\u201d\u2013 Spo\u0142eczna Odpowiedzialno\u015b\u0107 Nauki &#8211; POPUL\/SP\/0231\/2023\/01\u00a0 (2023-2025) &#8211; wsp\u00f3lnie z Instytutem [&hellip;]<\/p>\n","protected":false},"author":2,"featured_media":0,"parent":0,"menu_order":0,"comment_status":"closed","ping_status":"closed","template":"wide-page.php","meta":{"footnotes":""},"class_list":["post-98","page","type-page","status-publish","hentry"],"_links":{"self":[{"href":"https:\/\/matematyka.uken.krakow.pl\/index.php?rest_route=\/wp\/v2\/pages\/98","targetHints":{"allow":["GET"]}}],"collection":[{"href":"https:\/\/matematyka.uken.krakow.pl\/index.php?rest_route=\/wp\/v2\/pages"}],"about":[{"href":"https:\/\/matematyka.uken.krakow.pl\/index.php?rest_route=\/wp\/v2\/types\/page"}],"author":[{"embeddable":true,"href":"https:\/\/matematyka.uken.krakow.pl\/index.php?rest_route=\/wp\/v2\/users\/2"}],"replies":[{"embeddable":true,"href":"https:\/\/matematyka.uken.krakow.pl\/index.php?rest_route=%2Fwp%2Fv2%2Fcomments&post=98"}],"version-history":[{"count":27,"href":"https:\/\/matematyka.uken.krakow.pl\/index.php?rest_route=\/wp\/v2\/pages\/98\/revisions"}],"predecessor-version":[{"id":717,"href":"https:\/\/matematyka.uken.krakow.pl\/index.php?rest_route=\/wp\/v2\/pages\/98\/revisions\/717"}],"wp:attachment":[{"href":"https:\/\/matematyka.uken.krakow.pl\/index.php?rest_route=%2Fwp%2Fv2%2Fmedia&parent=98"}],"curies":[{"name":"wp","href":"https:\/\/api.w.org\/{rel}","templated":true}]}}